{"id":612,"date":"2021-02-12T15:56:39","date_gmt":"2021-02-12T14:56:39","guid":{"rendered":"https:\/\/amelie.airett.it\/?page_id=612"},"modified":"2022-12-06T10:06:24","modified_gmt":"2022-12-06T09:06:24","slug":"privacy-policy-amelie","status":"publish","type":"page","link":"https:\/\/amelie.airett.it\/index.php\/privacy-policy-amelie\/","title":{"rendered":"Privacy Policy"},"content":{"rendered":"\t\t<div data-elementor-type=\"wp-page\" data-elementor-id=\"612\" class=\"elementor elementor-612\" data-elementor-settings=\"[]\">\r\n\t\t\t\t\t\t<div class=\"elementor-inner\">\r\n\t\t\t\t\t\t\t<div class=\"elementor-section-wrap\">\r\n\t\t\t\t\t\t\t<section class=\"elementor-section elementor-top-section elementor-element elementor-element-744558d elementor-section-boxed elementor-section-height-default elementor-section-height-default\" data-id=\"744558d\" data-element_type=\"section\">\r\n\t\t\t\t\t\t<div class=\"elementor-container elementor-column-gap-default\">\r\n\t\t\t\t\t\t\t<div class=\"elementor-row\">\r\n\t\t\t\t\t<div class=\"elementor-column elementor-col-100 elementor-top-column elementor-element elementor-element-5f2ca2a\" data-id=\"5f2ca2a\" data-element_type=\"column\">\r\n\t\t\t<div class=\"elementor-column-wrap elementor-element-populated\">\r\n\t\t\t\t\t\t\t<div class=\"elementor-widget-wrap\">\r\n\t\t\t\t\t\t<div class=\"elementor-element elementor-element-3434b8f elementor-widget elementor-widget-spacer\" data-id=\"3434b8f\" data-element_type=\"widget\" data-widget_type=\"spacer.default\">\r\n\t\t\t\t<div class=\"elementor-widget-container\">\r\n\t\t\t\t\t<div class=\"elementor-spacer\">\r\n\t\t\t<div class=\"elementor-spacer-inner\"><\/div>\r\n\t\t<\/div>\r\n\t\t\t\t<\/div>\r\n\t\t\t\t<\/div>\r\n\t\t\t\t\t\t<\/div>\r\n\t\t\t\t\t<\/div>\r\n\t\t<\/div>\r\n\t\t\t\t\t\t\t\t<\/div>\r\n\t\t\t\t\t<\/div>\r\n\t\t<\/section>\r\n\t\t\t\t<section class=\"elementor-section elementor-top-section elementor-element elementor-element-54fa298 elementor-section-boxed elementor-section-height-default elementor-section-height-default\" data-id=\"54fa298\" data-element_type=\"section\">\r\n\t\t\t\t\t\t<div class=\"elementor-container elementor-column-gap-default\">\r\n\t\t\t\t\t\t\t<div class=\"elementor-row\">\r\n\t\t\t\t\t<div class=\"elementor-column elementor-col-100 elementor-top-column elementor-element elementor-element-3927949\" data-id=\"3927949\" data-element_type=\"column\">\r\n\t\t\t<div class=\"elementor-column-wrap elementor-element-populated\">\r\n\t\t\t\t\t\t\t<div class=\"elementor-widget-wrap\">\r\n\t\t\t\t\t\t<div class=\"elementor-element elementor-element-f82f8e6 elementor-widget elementor-widget-heading\" data-id=\"f82f8e6\" data-element_type=\"widget\" data-widget_type=\"heading.default\">\r\n\t\t\t\t<div class=\"elementor-widget-container\">\r\n\t\t\t<h2 class=\"elementor-heading-title elementor-size-default\">Privacy Policy<\/h2>\t\t<\/div>\r\n\t\t\t\t<\/div>\r\n\t\t\t\t<div class=\"elementor-element elementor-element-ba7f8b4 elementor-widget elementor-widget-text-editor\" data-id=\"ba7f8b4\" data-element_type=\"widget\" data-widget_type=\"text-editor.default\">\r\n\t\t\t\t<div class=\"elementor-widget-container\">\r\n\t\t\t\t\t<div class=\"elementor-text-editor elementor-clearfix\"><p>In questa pagina si descrivono le modalit\u00e0 di gestione del presente sito internet in riferimento al trattamento dei dati personali degli utenti che lo consultano. Il trattamento dei dati viene effettuato nel rispetto dei criteri previsti dal regolamento europeo in materia di protezione dei dati personali, Reg. 2016\/679\/UE e di ogni altro testo legislativo nazionale, provvedimento o autorizzazione dell\u2019Autorit\u00e0 competente allo stesso collegato. Secondo la normativa indicata, il trattamento deve essere improntato ai principi di correttezza, liceit\u00e0 e trasparenza e di tutela della Sua riservatezza e dei Suoi diritti.<br \/>L&#8217;informativa \u00e8 resa solo per questo sito e non anche per altri siti web eventualmente consultati dall&#8217;utente tramite link. I dati personali sono raccolti per i seguenti servizi:<br \/>a) consentire la navigazione sul sito web;<br \/>b) rispondere alle richieste di informazioni in merito ai progetti dell\u2019associazione, ai centri di ricerca,ecc.<br \/>c) acquistare regali solidali o effettuare una donazione a sostegno dell\u2019Associazione.<\/p><p><strong>TITOLARE DEL TRATTAMENTO DEI DATI PERSONALI<\/strong><br \/>la societ\u00e0 <strong>Associazione Italiana Rett \u2013 AIRETT Odv<\/strong>, in persona del legale rappresentante pro tempore, con sede legale in <strong>Viale Bracci, 1 \u2013 53100 Siena<\/strong> ed operativa in <strong>Vicolo Volto San Luca, 16 \u2013 37122 Verona, tel.: 3398336978, e-mail: <a href=\"mailto:privacy@airett.it\">privacy@airett.it<\/a><\/strong> \u00e8 Titolare del trattamento dei dati personali raccolti dal sito web. Il titolare del trattamento ha provveduto a nominare la societ\u00e0 <strong>4 Progetto sicurezza s.n.c. di Ugo Serpelloni &amp; C<\/strong>. quale Data Protection Officer (D.P.O.), contattabile all\u2019indirizzo <a href=\"mailto:dpo@4progettosicurezza.it\">dpo@4progettosicurezza.it<\/a>. Il referente persona fisica del D.P.O. \u00e8 la <strong>dott.ssa Cristina Froio<\/strong><\/p><p><strong>LUOGO DI TRATTAMENTO DEI DATI, COMUNICAZIONE E DIFFUSIONE<\/strong><br \/>I trattamenti connessi ai servizi web di questo sito hanno luogo presso la predetta sede della Societ\u00e0 e sono curati dal personale interno o, qualora sia necessario, da personale esterno nominato (es. per operazioni di manutenzione e aggiornamento dei sistemi informatici).<br \/>Nessun dato derivante dal servizio web \u00e8 invece oggetto di diffusione.<br \/>Potranno essere comunicati a terzi, debitamente nominati, nel solo caso in cui ci\u00f2 sia a tal fine necessario per l\u2019esecuzione della prestazione.<br \/>I dati relativi al pagamento saranno trattati direttamente dal gestore di pagamento scelto (es. carta di credito, PayPal, bonifico bancario).<br \/>Il Titolare del trattamento informa inoltre che non ricorre a processi decisionali totalmente automatizzati, compresa la profilazione, per il raggiungimento delle finalit\u00e0 previste nella presente informativa.<\/p><p><strong>FINALIT\u00c0 E BASE GIURIDICHE DEL TRATTAMENTO<\/strong><br \/>I dati personali forniti dagli utenti che inoltrano richieste di informazioni in merito ai prodotti e di acquisto saranno utilizzati solo per eseguire la prestazione richiesta.<br \/>Le basi giuridiche del trattamento dei dati sono:<br \/>1) art. 6.1 lett. f) G.D.P.R. \u201clegittimo interesse del Titolare del Trattamento\u201d, consistente nel consentire la fruizione del servizio \u201ccontattaci\u201d e art. 6.1 lett. a) G.D.P.R. \u201cil consenso dell\u2019interessato al trattamento\u201d.<br \/>2) art. 6.1 lett. b) G.D.P.R. \u201cesecuzione di misure precontrattuali e contrattuali in essere con l\u2019interessato al trattamento\u201d per la visione dei prodotti e dei servizi della societ\u00e0.<\/p><p><strong>TIPOLOGIA DI DATI TRATTATI<\/strong><br \/>Dati di navigazione<br \/>I sistemi informatici e le procedure software preposte al funzionamento di questo sito web acquisiscono, nel corso del loro normale esercizio, alcuni dati personali la cui trasmissione \u00e8 implicita nell&#8217;uso dei protocolli di comunicazione di Internet.<br \/>Si tratta di informazioni che non sono raccolte per essere associate a interessati identificati, ma che per loro stessa natura potrebbero, attraverso elaborazioni ed associazioni con dati detenuti da terzi, permettere di identificare gli utenti.<br \/>In questa categoria di dati rientrano gli indirizzi IP o i nomi a dominio dei computer utilizzati dagli utenti che si connettono al sito, gli indirizzi in notazione URI (Uniform Resource Identifier) delle risorse richieste, l&#8217;orario della richiesta, il metodo utilizzato nel sottoporre la richiesta al server, la dimensione del file ottenuto in risposta, il codice numerico indicante lo stato della risposta data dal server (buon fine, errore, ecc.) ed altri parametri relativi al sistema operativo e all&#8217;ambiente informatico dell&#8217;utente.<br \/>Questa tipologia di dati viene utilizzata al solo fine di ricavare informazioni statistiche anonime sull&#8217;uso del sito e per controllarne il corretto funzionamento. I dati potrebbero essere utilizzati per l&#8217;accertamento di responsabilit\u00e0 in caso di ipotetici reati informatici ai danni del sito. Per questi dati, limitatamente per la finalit\u00e0 suddetta, non \u00e8 necessario richiedere il consenso esplicito.<\/p><p><strong>Dati forniti volontariamente dall&#8217;utente<\/strong><br \/>Si tratta dei dati identificativi necessari alla registrazione dell\u2019utente, per l\u2019inserimento della richiesta specifica. L&#8217;inserimento avviene tramite la compilazione del form delle sezioni specifiche, comporta la successiva acquisizione delle informazioni. Il trattamento \u00e8 necessario per le finalit\u00e0 predette ed \u00e8 facoltativo; la mancata acquisizione dei dati richiesti comporter\u00e0 l\u2019impossibilit\u00e0 di rendere la prestazione.<\/p><p><strong>Cookies<\/strong><br \/>La politica dei cookie \u00e8 definita nell\u2019apposita cookie policy.<\/p><p><strong>TRASFERIMENTO DEI DATI VERSO PAESI EXTRA U.E.<\/strong><br \/>Il Titolare del trattamento dei dati non trasferisce (e non conserva) dati personali raccolti dal sito web in paesi terzi extra U.E.<\/p><p><strong>TERMINI DI CANCELLAZIONE<\/strong><br \/>Il Titolare tratter\u00e0 i dati personali per il tempo necessario per adempiere alle finalit\u00e0 di cui sopra e comunque per non oltre i termini stabiliti dalla legge italiana per la conservazione dei dati per la fatturazione. I dati di contatto potranno essere cancellati a seguito di suo esercizio del diritto di cancellazione anche immediatamente.<br \/><br \/><strong>DIRITTI DEGLI INTERESSATI<\/strong><br \/>Ai sensi degli artt. 15 \u2013 22 G.D.P.R., l\u2019interessato ha diritto di chiedere al titolare del trattamento l&#8217;accesso ai Suoi dati personali ovvero la rettifica ovvero la cancellazione degli stessi o la limitazione del trattamento che la riguardano, ovvero ha diritto di opporsi al loro trattamento, oltre al diritto di richiedere la portabilit\u00e0 dei dati stessi.<br \/>La richiesta pu\u00f2 essere fatta a mezzo e-mail o mezzo fax o raccomandata con oggetto: \u201crichiesta da parte dell\u2019interessato\u201d specificando nella richiesta il diritto che l\u2019interessato vuole esercitare (cancellazione, rettifica, portabilit\u00e0, oblio), unitamente ad un valido indirizzo di posta elettronica\/pec al quale recapitare il riscontro.<br \/>Il titolare del trattamento o, chiunque dallo stesso incaricato, proceder\u00e0 a soddisfare la richiesta entro 30 giorni dalla data di ricevimento. Qualora la risposta fosse complessa, il tempo potrebbe allungarsi ad ulteriori 30 giorni, previa tempestiva comunicazione allo stesso interessato.<br \/>Qualora ritenga opportuno far valere i suoi diritti, ha facolt\u00e0 di proporre reclamo all\u2019autorit\u00e0 di controllo competente, corrispondente al Garante per la protezione dei dati personali, con sede in Piazza Venezia, 11 &#8211; 00187 Roma, e-mail: <a href=\"mailto:protocollo@gpdp.it\">protocollo@gpdp.it<\/a>.<\/p><\/div>\r\n\t\t\t\t<\/div>\r\n\t\t\t\t<\/div>\r\n\t\t\t\t\t\t<\/div>\r\n\t\t\t\t\t<\/div>\r\n\t\t<\/div>\r\n\t\t\t\t\t\t\t\t<\/div>\r\n\t\t\t\t\t<\/div>\r\n\t\t<\/section>\r\n\t\t\t\t\t\t<\/div>\r\n\t\t\t\t\t\t<\/div>\r\n\t\t\t\t\t<\/div>\r\n\t\t","protected":false},"excerpt":{"rendered":"<p>Privacy Policy In questa pagina si descrivono le modalit\u00e0 di gestione del presente sito internet in riferimento al trattamento dei dati personali degli utenti che lo consultano. Il trattamento dei dati viene effettuato nel rispetto dei criteri previsti dal regolamento europeo in materia di protezione dei dati personali, Reg. 2016\/679\/UE e di ogni altro testo [&hellip;]<\/p>\n","protected":false},"author":1,"featured_media":0,"parent":0,"menu_order":0,"comment_status":"closed","ping_status":"closed","template":"","meta":[],"_links":{"self":[{"href":"https:\/\/amelie.airett.it\/index.php\/wp-json\/wp\/v2\/pages\/612"}],"collection":[{"href":"https:\/\/amelie.airett.it\/index.php\/wp-json\/wp\/v2\/pages"}],"about":[{"href":"https:\/\/amelie.airett.it\/index.php\/wp-json\/wp\/v2\/types\/page"}],"author":[{"embeddable":true,"href":"https:\/\/amelie.airett.it\/index.php\/wp-json\/wp\/v2\/users\/1"}],"replies":[{"embeddable":true,"href":"https:\/\/amelie.airett.it\/index.php\/wp-json\/wp\/v2\/comments?post=612"}],"version-history":[{"count":12,"href":"https:\/\/amelie.airett.it\/index.php\/wp-json\/wp\/v2\/pages\/612\/revisions"}],"predecessor-version":[{"id":939,"href":"https:\/\/amelie.airett.it\/index.php\/wp-json\/wp\/v2\/pages\/612\/revisions\/939"}],"wp:attachment":[{"href":"https:\/\/amelie.airett.it\/index.php\/wp-json\/wp\/v2\/media?parent=612"}],"curies":[{"name":"wp","href":"https:\/\/api.w.org\/{rel}","templated":true}]}}